{"id":2,"date":"2022-08-03T14:10:56","date_gmt":"2022-08-03T14:10:56","guid":{"rendered":"http:\/\/smartworkworld.com\/?page_id=2"},"modified":"2022-08-04T19:05:36","modified_gmt":"2022-08-04T19:05:36","slug":"sample-page","status":"publish","type":"page","link":"https:\/\/smartworkworld.com\/","title":{"rendered":"Smart worker"},"content":{"rendered":"\n<p><strong>LAVORARE DA REMOTO<br>10 LAVORI DA NOMADE DIGITALE PER CHI \u00c8 AGLI INIZI<\/strong><\/p>\n\n\n\n<p>Quando si pensa ai lavori da nomade digitale, l\u2019idea comune \u00e8 che solo chi ha determinate competenze pu\u00f2 permettersi il lusso di lavorare da remoto e di viaggiare lavorando, mentre tutti gli altri non possono fare altro che accontentarsi di un triste impiego in ufficio.<\/p>\n\n\n\n<p>Ma \u00e8 proprio vero? Del resto, di recente, il fenomeno dei nomadi digitali &#8211; complice anche il lungo periodo di lockdown, in cui tanti hanno dovuto adeguarsi allo smart working &#8211; ha avuto un\u2019esplosione di interesse.&nbsp;<\/p>\n\n\n\n<p>Sono migliaia le persone, giovani o meno, interessate a mollare tutto e partire.&nbsp;<\/p>\n\n\n\n<p>La loro idea non \u00e8 per\u00f2 quella di partire \u201call&#8217;avventura\u201d, augurandosi di trovare un impiego nel Paese di destinazione.&nbsp;<\/p>\n\n\n\n<p>No: la loro volont\u00e0 \u00e8 quella di mantenersi facendo da remoto il lavoro che gi\u00e0 fanno. O una sua versione smart.<\/p>\n\n\n\n<figure class=\"wp-block-image size-large\"><img loading=\"lazy\" width=\"1024\" height=\"683\" src=\"http:\/\/smartworkworld-com.preview-domain.com\/wp-content\/uploads\/2022\/08\/thought-catalog-505eectW54k-unsplash-1024x683.jpg\" alt=\"\" class=\"wp-image-33\" srcset=\"https:\/\/smartworkworld.com\/wp-content\/uploads\/2022\/08\/thought-catalog-505eectW54k-unsplash-1024x683.jpg 1024w, https:\/\/smartworkworld.com\/wp-content\/uploads\/2022\/08\/thought-catalog-505eectW54k-unsplash-300x200.jpg 300w, https:\/\/smartworkworld.com\/wp-content\/uploads\/2022\/08\/thought-catalog-505eectW54k-unsplash-768x512.jpg 768w, https:\/\/smartworkworld.com\/wp-content\/uploads\/2022\/08\/thought-catalog-505eectW54k-unsplash-1536x1024.jpg 1536w, https:\/\/smartworkworld.com\/wp-content\/uploads\/2022\/08\/thought-catalog-505eectW54k-unsplash-1200x800.jpg 1200w, https:\/\/smartworkworld.com\/wp-content\/uploads\/2022\/08\/thought-catalog-505eectW54k-unsplash.jpg 1800w\" sizes=\"(max-width: 1024px) 100vw, 1024px\" \/><\/figure>\n\n\n\n<p><\/p>\n\n\n\n<p><strong>CHI \u00c8 IL NOMADE DIGITALE<\/strong><\/p>\n\n\n\n<p>Tutti ambiscono a diventarlo, ma pochi sanno davvero cosa significa.&nbsp;<\/p>\n\n\n\n<p>Cerchiamo quindi innanzitutto di capire chi \u00e8 e cosa fa il nomade digitale.<\/p>\n\n\n\n<p>I nomadi digitali sono persone che utilizzano la tecnologia per svolgere il loro lavoro, e per questo non sono tenute a recarsi sul posto di lavoro.&nbsp;<\/p>\n\n\n\n<p>Grazie ad un pc e ad una connessione internet, ad una macchina fotografica o ad una videocamera, vivono una vita da nomadi 2.0.<\/p>\n\n\n\n<p>I nomadi digitali della vecchia guardia, quelli con competenze specialistiche, sono per lo pi\u00f9 programmatori, sviluppatori web e app, seo specialist, social media marketer, affiliate marketer, ecc., ovvero svolgono tutte quelle professioni che ruotano intorno al web e al web marketing.&nbsp;<\/p>\n\n\n\n<p>Ma numerosi sono anche i fotografi, i videomaker, i blogger e i content creator che sposano questo stile di vita.<\/p>\n\n\n\n<figure class=\"wp-block-image size-large\"><img loading=\"lazy\" width=\"1024\" height=\"683\" src=\"http:\/\/smartworkworld-com.preview-domain.com\/wp-content\/uploads\/2022\/08\/work-5071593_1920-1024x683.jpg\" alt=\"\" class=\"wp-image-34\" srcset=\"https:\/\/smartworkworld.com\/wp-content\/uploads\/2022\/08\/work-5071593_1920-1024x683.jpg 1024w, https:\/\/smartworkworld.com\/wp-content\/uploads\/2022\/08\/work-5071593_1920-300x200.jpg 300w, https:\/\/smartworkworld.com\/wp-content\/uploads\/2022\/08\/work-5071593_1920-768x512.jpg 768w, https:\/\/smartworkworld.com\/wp-content\/uploads\/2022\/08\/work-5071593_1920-1536x1024.jpg 1536w, https:\/\/smartworkworld.com\/wp-content\/uploads\/2022\/08\/work-5071593_1920-1200x800.jpg 1200w, https:\/\/smartworkworld.com\/wp-content\/uploads\/2022\/08\/work-5071593_1920.jpg 1920w\" sizes=\"(max-width: 1024px) 100vw, 1024px\" \/><\/figure>\n\n\n\n<p><strong>10 LAVORI ENTRY LEVEL DA NOMADE DIGITALE<\/strong><\/p>\n\n\n\n<p>Per la maggior parte degli aspiranti nomadi capire da dove cominciare, cosa fare per vivere e come fare soldi sono le maggiori barriere alla realizzazione dei loro sogni di libert\u00e0. I lavori sopracitati possono essere appresi da chiunque, ma richiedono anni di studio e di esperienza sul campo.<br><br>Quali possono essere dunque le alternative per chi vuole partire subito, o appena possibile, e cambiare vita vivendo da nomade digitale?<br><br>In realt\u00e0, non c\u2019\u00e8 bisogno di competenze specializzate per guadagnare viaggiando. Ci sono tantissimi lavori da nomadi digitali che consentono a chiunque di vivere uno stile di vita indipendente dal luogo, e sostenersi in qualsiasi parte del mondo.<br><br>Con questo non vogliamo dire che non bisogna fare nulla: alla base \u00e8 necessario sempre che ci sia la volont\u00e0 di imparare e di impegnarsi molto, perch\u00e9 nulla \u00e8 regalato, soprattutto quando in gioco c\u2019\u00e8 la libert\u00e0.<\/p>\n\n\n\n<p>Ecco qui i 10 lavori entry level per poter lavorare da nomadi digitali quasi da subito:<\/p>\n\n\n\n<ul><li>Content writer \/ Copywriter<\/li><li>Assistente virtuale<\/li><li>Social media manager<br><\/li><li>Insegnante di lingue<br><\/li><li>Traduttore<br><\/li><li>Fotoritoccatore<br><\/li><li>E-commerce manager<br><\/li><li>Affiliate marketing manager<br><\/li><li>Operatore di data entry<br><\/li><li>Web trafficker<\/li><\/ul>\n\n\n\n<figure class=\"wp-block-image size-large\"><img loading=\"lazy\" width=\"1024\" height=\"576\" src=\"http:\/\/smartworkworld-com.preview-domain.com\/wp-content\/uploads\/2022\/08\/family-act-smart-working-1280x720-1-1024x576.jpg\" alt=\"\" class=\"wp-image-35\" srcset=\"https:\/\/smartworkworld.com\/wp-content\/uploads\/2022\/08\/family-act-smart-working-1280x720-1-1024x576.jpg 1024w, https:\/\/smartworkworld.com\/wp-content\/uploads\/2022\/08\/family-act-smart-working-1280x720-1-300x169.jpg 300w, https:\/\/smartworkworld.com\/wp-content\/uploads\/2022\/08\/family-act-smart-working-1280x720-1-768x432.jpg 768w, https:\/\/smartworkworld.com\/wp-content\/uploads\/2022\/08\/family-act-smart-working-1280x720-1-1200x675.jpg 1200w, https:\/\/smartworkworld.com\/wp-content\/uploads\/2022\/08\/family-act-smart-working-1280x720-1.jpg 1280w\" sizes=\"(max-width: 1024px) 100vw, 1024px\" \/><\/figure>\n\n\n\n<h2>ISCRIVITI ALLA NEWSLETTER<\/h2>\n\n\n<div class=\"wpforms-container wpforms-container-full\" id=\"wpforms-24\"><form id=\"wpforms-form-24\" class=\"wpforms-validate wpforms-form wpforms-ajax-form\" data-formid=\"24\" method=\"post\" enctype=\"multipart\/form-data\" action=\"\/index.php?rest_route=%2Fwp%2Fv2%2Fpages%2F2\" data-token=\"f79dde0a178537c17fc07722f6d0098d\"><noscript class=\"wpforms-error-noscript\">Please enable JavaScript in your browser to complete this form.<\/noscript><div class=\"wpforms-field-container\"><div id=\"wpforms-24-field_1-container\" class=\"wpforms-field wpforms-field-name\" data-field-id=\"1\"><label class=\"wpforms-field-label\" for=\"wpforms-24-field_1\">Name <span class=\"wpforms-required-label\">*<\/span><\/label><div class=\"wpforms-field-row wpforms-field-medium\"><div class=\"wpforms-field-row-block wpforms-first wpforms-one-half\"><input type=\"text\" id=\"wpforms-24-field_1\" class=\"wpforms-field-name-first wpforms-field-required\" name=\"wpforms[fields][1][first]\" required><label for=\"wpforms-24-field_1\" class=\"wpforms-field-sublabel after \">First<\/label><\/div><div class=\"wpforms-field-row-block wpforms-one-half\"><input type=\"text\" id=\"wpforms-24-field_1-last\" class=\"wpforms-field-name-last wpforms-field-required\" name=\"wpforms[fields][1][last]\" required><label for=\"wpforms-24-field_1-last\" class=\"wpforms-field-sublabel after \">Last<\/label><\/div><\/div><\/div><div id=\"wpforms-24-field_2-container\" class=\"wpforms-field wpforms-field-email\" data-field-id=\"2\"><label class=\"wpforms-field-label\" for=\"wpforms-24-field_2\">Email <span class=\"wpforms-required-label\">*<\/span><\/label><input type=\"email\" id=\"wpforms-24-field_2\" class=\"wpforms-field-medium wpforms-field-required\" name=\"wpforms[fields][2]\" required><\/div><div id=\"wpforms-24-field_3-container\" class=\"wpforms-field wpforms-field-text\" data-field-id=\"3\"><label class=\"wpforms-field-label\" for=\"wpforms-24-field_3\">TELEFONO<\/label><input type=\"text\" id=\"wpforms-24-field_3\" class=\"wpforms-field-medium\" name=\"wpforms[fields][3]\" ><\/div><\/div><div class=\"wpforms-submit-container\"><input type=\"hidden\" name=\"wpforms[id]\" value=\"24\"><input type=\"hidden\" name=\"wpforms[author]\" value=\"1\"><button type=\"submit\" name=\"wpforms[submit]\" id=\"wpforms-submit-24\" class=\"wpforms-submit\" data-alt-text=\"Sending...\" data-submit-text=\"Submit\" aria-live=\"assertive\" value=\"wpforms-submit\">Submit<\/button><img src=\"https:\/\/smartworkworld.com\/wp-content\/plugins\/wpforms-lite\/assets\/images\/submit-spin.svg\" class=\"wpforms-submit-spinner\" style=\"display: none;\" width=\"26\" height=\"26\" alt=\"\"><\/div><\/form><\/div>  <!-- .wpforms-container -->","protected":false},"excerpt":{"rendered":"<p>LAVORARE DA REMOTO10 LAVORI DA NOMADE DIGITALE PER CHI \u00c8 AGLI INIZI Quando si pensa ai lavori da nomade digitale, l\u2019idea comune \u00e8 che solo chi ha determinate competenze pu\u00f2 permettersi il lusso di lavorare da remoto e di viaggiare lavorando, mentre tutti gli altri non possono fare altro che accontentarsi di un triste impiego [&hellip;]<\/p>\n","protected":false},"author":1,"featured_media":0,"parent":0,"menu_order":0,"comment_status":"closed","ping_status":"open","template":"","meta":{"om_disable_all_campaigns":false,"_monsterinsights_skip_tracking":false,"_monsterinsights_sitenote_active":false,"_monsterinsights_sitenote_note":"","_monsterinsights_sitenote_category":0},"aioseo_notices":[],"_links":{"self":[{"href":"https:\/\/smartworkworld.com\/index.php?rest_route=\/wp\/v2\/pages\/2"}],"collection":[{"href":"https:\/\/smartworkworld.com\/index.php?rest_route=\/wp\/v2\/pages"}],"about":[{"href":"https:\/\/smartworkworld.com\/index.php?rest_route=\/wp\/v2\/types\/page"}],"author":[{"embeddable":true,"href":"https:\/\/smartworkworld.com\/index.php?rest_route=\/wp\/v2\/users\/1"}],"replies":[{"embeddable":true,"href":"https:\/\/smartworkworld.com\/index.php?rest_route=%2Fwp%2Fv2%2Fcomments&post=2"}],"version-history":[{"count":6,"href":"https:\/\/smartworkworld.com\/index.php?rest_route=\/wp\/v2\/pages\/2\/revisions"}],"predecessor-version":[{"id":50,"href":"https:\/\/smartworkworld.com\/index.php?rest_route=\/wp\/v2\/pages\/2\/revisions\/50"}],"wp:attachment":[{"href":"https:\/\/smartworkworld.com\/index.php?rest_route=%2Fwp%2Fv2%2Fmedia&parent=2"}],"curies":[{"name":"wp","href":"https:\/\/api.w.org\/{rel}","templated":true}]}}